{"id":1374,"date":"2020-10-16T08:15:48","date_gmt":"2020-10-16T05:15:48","guid":{"rendered":"https:\/\/rederiabeckero.ax\/koncernen\/foretagsinformation\/koncernstruktur\/"},"modified":"2026-03-31T12:10:36","modified_gmt":"2026-03-31T09:10:36","slug":"koncernstruktur","status":"publish","type":"page","link":"https:\/\/rederiabeckero.ax\/en\/the-group\/koncernstruktur\/","title":{"rendered":"Group structure"},"content":{"rendered":"\n<style type=\"text\/css\" data-created_by=\"avia_inline_auto\" id=\"style-css-av-ld2yz9ly-c4a640edb080ee0f4e724306ce9e5236\">\n#top .av-special-heading.av-ld2yz9ly-c4a640edb080ee0f4e724306ce9e5236{\npadding-bottom:10px;\n}\nbody .av-special-heading.av-ld2yz9ly-c4a640edb080ee0f4e724306ce9e5236 .av-special-heading-tag .heading-char{\nfont-size:25px;\n}\n.av-special-heading.av-ld2yz9ly-c4a640edb080ee0f4e724306ce9e5236 .av-subheading{\nfont-size:15px;\n}\n<\/style>\n<div  class='av-special-heading av-ld2yz9ly-c4a640edb080ee0f4e724306ce9e5236 av-special-heading-h2  avia-builder-el-0  el_before_av_one_fifth  avia-builder-el-first '><h2 class='av-special-heading-tag '  itemprop=\"headline\"  >Group structure<\/h2><div class=\"special-heading-border\"><div class=\"special-heading-inner-border\"><\/div><\/div><\/div>\n<div  class='flex_column av-vm5a6-3dccd8fa0b2918c69d27a751b3aab1bb av_one_fifth  avia-builder-el-1  el_after_av_heading  el_before_av_three_fifth  first flex_column_div  '     ><\/div>\n<div  class='flex_column av-omqcu-5df7b28b05caa00617cad591daa492bf av_three_fifth  avia-builder-el-2  el_after_av_one_fifth  el_before_av_one_fifth  flex_column_div  '     ><\/div>\n<div  class='flex_column av-ily95-d18a4c7e21da35032d24b8ee5d00611d av_one_fifth  avia-builder-el-3  el_after_av_three_fifth  el_before_av_hr  flex_column_div  '     ><\/div>\n<div  class='hr av-67gnji-15e16ab6f2bc6e81322d4cec4313efe9 hr-default  avia-builder-el-4  el_after_av_one_fifth  el_before_av_image '><span class='hr-inner '><span class=\"hr-inner-style\"><\/span><\/span><\/div>\n\n<style type=\"text\/css\" data-created_by=\"avia_inline_auto\" id=\"style-css-av-ld2yxum7-9ca992ab1fd273453d96298a91c39f67\">\n.avia-image-container.av-ld2yxum7-9ca992ab1fd273453d96298a91c39f67 img.avia_image{\nbox-shadow:none;\n}\n.avia-image-container.av-ld2yxum7-9ca992ab1fd273453d96298a91c39f67 .av-image-caption-overlay-center{\ncolor:#ffffff;\n}\n<\/style>\n<div  class='avia-image-container av-ld2yxum7-9ca992ab1fd273453d96298a91c39f67 av-styling- avia-align-center  avia-builder-el-5  el_after_av_hr  el_before_av_textblock '   itemprop=\"image\" itemscope=\"itemscope\" itemtype=\"https:\/\/schema.org\/ImageObject\" ><div class=\"avia-image-container-inner\"><div class=\"avia-image-overlay-wrap\"><img decoding=\"async\" fetchpriority=\"high\" class='wp-image-6140 avia-img-lazy-loading-not-6140 avia_image ' src=\"https:\/\/rederiabeckero.ax\/wp-content\/uploads\/2026\/03\/Koncernstruktur-26.03.2026-eng-scaled.png\" alt='' title='Koncernstruktur 26.03.2026 eng'  height=\"1440\" width=\"2560\"  itemprop=\"thumbnailUrl\" srcset=\"https:\/\/rederiabeckero.ax\/wp-content\/uploads\/2026\/03\/Koncernstruktur-26.03.2026-eng-scaled.png 2560w, https:\/\/rederiabeckero.ax\/wp-content\/uploads\/2026\/03\/Koncernstruktur-26.03.2026-eng-300x169.png 300w, https:\/\/rederiabeckero.ax\/wp-content\/uploads\/2026\/03\/Koncernstruktur-26.03.2026-eng-1030x579.png 1030w, https:\/\/rederiabeckero.ax\/wp-content\/uploads\/2026\/03\/Koncernstruktur-26.03.2026-eng-768x432.png 768w, https:\/\/rederiabeckero.ax\/wp-content\/uploads\/2026\/03\/Koncernstruktur-26.03.2026-eng-1536x864.png 1536w, https:\/\/rederiabeckero.ax\/wp-content\/uploads\/2026\/03\/Koncernstruktur-26.03.2026-eng-2048x1152.png 2048w, https:\/\/rederiabeckero.ax\/wp-content\/uploads\/2026\/03\/Koncernstruktur-26.03.2026-eng-1500x844.png 1500w, https:\/\/rederiabeckero.ax\/wp-content\/uploads\/2026\/03\/Koncernstruktur-26.03.2026-eng-705x397.png 705w\" sizes=\"(max-width: 2560px) 100vw, 2560px\" \/><\/div><\/div><\/div>\n<section  class='av_textblock_section av-kgbza6sr-72eb26e101b89a0350c66bb382c8a519 '   itemscope=\"itemscope\" itemtype=\"https:\/\/schema.org\/CreativeWork\" ><div class='avia_textblock'  itemprop=\"text\" ><h1 style=\"text-align: center;\"><\/h1>\n<p><br class=\"avia-permanent-lb\" \/><br class=\"avia-permanent-lb\" \/><img loading=\"lazy\" decoding=\"async\" class=\"aligncenter wp-image-700\" src=\"https:\/\/rederiabeckero.ax\/wp-content\/uploads\/2022\/11\/Eckerolinjen_logo_original_rgb-300x41.png\" alt=\"\" width=\"155\" height=\"21\" srcset=\"https:\/\/rederiabeckero.ax\/wp-content\/uploads\/2022\/11\/Eckerolinjen_logo_original_rgb-300x41.png 300w, https:\/\/rederiabeckero.ax\/wp-content\/uploads\/2022\/11\/Eckerolinjen_logo_original_rgb-1030x139.png 1030w, https:\/\/rederiabeckero.ax\/wp-content\/uploads\/2022\/11\/Eckerolinjen_logo_original_rgb-768x104.png 768w, https:\/\/rederiabeckero.ax\/wp-content\/uploads\/2022\/11\/Eckerolinjen_logo_original_rgb-705x95.png 705w, https:\/\/rederiabeckero.ax\/wp-content\/uploads\/2022\/11\/Eckerolinjen_logo_original_rgb.png 1366w\" sizes=\"auto, (max-width: 155px) 100vw, 155px\" \/><\/p>\n<p><span class=\"hps\">Ecker\u00f6 Linjen<\/span>\u00a0<span class=\"hps\">operates car ferry<\/span>\u00a0traffic\u00a0<span class=\"hps\">between<\/span>\u00a0<span class=\"hps\">Ecker\u00f6 and<\/span>\u00a0<span class=\"hps\">Grisslehamn<\/span>\u00a0<span class=\"hps\">with<\/span>\u00a0<span class=\"hps\">the ship<\/span>\u00a0<span class=\"hps\">M\/S<\/span>\u00a0<span class=\"hps\">Ecker\u00f6<\/span>.\u00a0<span class=\"hps\">Under the brand<\/span>\u00a0<span class=\"hps\">Ecker\u00f6linjen<\/span>\u00a0<span class=\"hps\">we sell<\/span>\u00a0<span class=\"hps\">all<\/span>\u00a0\u00c5<span class=\"hps\">land<\/span>\u00a0<span class=\"hps\">tourism products<\/span>,\u00a0<span class=\"hps\">from\u00a0plain<\/span>\u00a0<span class=\"hps\">overnights<\/span>\u00a0<span class=\"hps\">to various<\/span>\u00a0<span class=\"hps\">holiday packages<\/span>, group travel, sports\u00a0<span class=\"hps\">travel and<\/span>\u00a0<span class=\"hps\">conferences<\/span>\u00a0<span class=\"hps\">at<\/span>\u00a0<span class=\"hps\">our<\/span>\u00a0<span class=\"hps\">sales departments<\/span>\u00a0<span class=\"hps\">in Grisslehamn<\/span>\u00a0<span class=\"hps\">and Ecker\u00f6<\/span>.<\/p>\n<p><a href=\"http:\/\/www.eckerolinjen.ax\/\" target=\"_blank\" rel=\"noopener noreferrer\">www.eckerolinjen.ax<\/a><br class=\"avia-permanent-lb\" \/><img loading=\"lazy\" decoding=\"async\" class=\"aligncenter wp-image-707\" src=\"https:\/\/rederiabeckero.ax\/wp-content\/uploads\/2022\/11\/eckeroline_logo_original_rgb-300x47.png\" alt=\"\" width=\"135\" height=\"21\" srcset=\"https:\/\/rederiabeckero.ax\/wp-content\/uploads\/2022\/11\/eckeroline_logo_original_rgb-300x47.png 300w, https:\/\/rederiabeckero.ax\/wp-content\/uploads\/2022\/11\/eckeroline_logo_original_rgb-1030x161.png 1030w, https:\/\/rederiabeckero.ax\/wp-content\/uploads\/2022\/11\/eckeroline_logo_original_rgb-768x120.png 768w, https:\/\/rederiabeckero.ax\/wp-content\/uploads\/2022\/11\/eckeroline_logo_original_rgb-705x110.png 705w, https:\/\/rederiabeckero.ax\/wp-content\/uploads\/2022\/11\/eckeroline_logo_original_rgb.png 1366w\" sizes=\"auto, (max-width: 135px) 100vw, 135px\" \/><\/p>\n<p><span class=\"hps\">Ecker\u00f6 Line<\/span>\u00a0<span class=\"hps\">operates car ferry<\/span>\u00a0traffic\u00a0<span class=\"hps\">between<\/span>\u00a0<span class=\"hps\">Helsinki<\/span>\u00a0<span class=\"hps\">and Tallinn.<\/span>\u00a0<span class=\"hps\">The business is focused<\/span>\u00a0<span class=\"hps\">on the<\/span>\u00a0<span class=\"hps\">traffic system<\/span>\u00a0<span class=\"hps\">for<\/span>\u00a0<span class=\"hps\">both cargo and passengers<\/span>.\u00a0<span class=\"hps\">An extensive sale of tourist services in Estonia is included in the operations.<\/span><\/p>\n<p><a href=\"http:\/\/www.eckeroline.fi\/\" target=\"_blank\" rel=\"noopener noreferrer\">www.eckeroline.fi<\/a><\/p>\n<p><img loading=\"lazy\" decoding=\"async\" class=\"aligncenter\" src=\"https:\/\/rederiabeckero.ax\/wp-content\/uploads\/2025\/09\/Eckero_Link_logo_original_cmyk2.jpg\" width=\"143\" height=\"22\" \/><\/p>\n<p>Ecker\u00f6 Link operates traffic between L\u00e5ngn\u00e4s and Naantali. The business is focused on freight transport.<\/p>\n<p><a href=\"https:\/\/eckerolink.com\/\">www.eckerolink.com<\/a><\/p>\n<\/div><\/section>\n<div  class='hr av-3zk2fy-e190c2ae23c018d3e8ebce00de156314 hr-default  avia-builder-el-7  el_after_av_textblock  el_before_av_heading '><span class='hr-inner '><span class=\"hr-inner-style\"><\/span><\/span><\/div>\n\n<style type=\"text\/css\" data-created_by=\"avia_inline_auto\" id=\"style-css-av-ld2z1k1c-4d80caa4db00dd464940cfec31fcbad9\">\n#top .av-special-heading.av-ld2z1k1c-4d80caa4db00dd464940cfec31fcbad9{\npadding-bottom:10px;\n}\nbody .av-special-heading.av-ld2z1k1c-4d80caa4db00dd464940cfec31fcbad9 .av-special-heading-tag .heading-char{\nfont-size:25px;\n}\n.av-special-heading.av-ld2z1k1c-4d80caa4db00dd464940cfec31fcbad9 .av-subheading{\nfont-size:15px;\n}\n<\/style>\n<div  class='av-special-heading av-ld2z1k1c-4d80caa4db00dd464940cfec31fcbad9 av-special-heading-h2  avia-builder-el-8  el_after_av_hr  el_before_av_hr '><h2 class='av-special-heading-tag '  itemprop=\"headline\"  >The Group\u00b4s operational structure<\/h2><div class=\"special-heading-border\"><div class=\"special-heading-inner-border\"><\/div><\/div><\/div>\n<div  class='hr av-1vldda-bb24dcf6c627ec9bd89d3082b84ce2aa hr-default  avia-builder-el-9  el_after_av_heading  el_before_av_image '><span class='hr-inner '><span class=\"hr-inner-style\"><\/span><\/span><\/div>\n\n<style type=\"text\/css\" data-created_by=\"avia_inline_auto\" id=\"style-css-av-le3z17hj-9d1ffa5579530c19af3fb009b687f83e\">\n.avia-image-container.av-le3z17hj-9d1ffa5579530c19af3fb009b687f83e img.avia_image{\nbox-shadow:none;\n}\n.avia-image-container.av-le3z17hj-9d1ffa5579530c19af3fb009b687f83e .av-image-caption-overlay-center{\ncolor:#ffffff;\n}\n<\/style>\n<div  class='avia-image-container av-le3z17hj-9d1ffa5579530c19af3fb009b687f83e av-styling- avia-align-center  avia-builder-el-10  el_after_av_hr  avia-builder-el-last '   itemprop=\"image\" itemscope=\"itemscope\" itemtype=\"https:\/\/schema.org\/ImageObject\" ><div class=\"avia-image-container-inner\"><div class=\"avia-image-overlay-wrap\"><img decoding=\"async\" fetchpriority=\"high\" class='wp-image-5668 avia-img-lazy-loading-not-5668 avia_image ' src=\"https:\/\/rederiabeckero.ax\/wp-content\/uploads\/2025\/11\/Funktionell-struktur-14.11.2025-eng-scaled.png\" alt='' title='Funktionell struktur 14.11.2025 eng'  height=\"1440\" width=\"2560\"  itemprop=\"thumbnailUrl\" srcset=\"https:\/\/rederiabeckero.ax\/wp-content\/uploads\/2025\/11\/Funktionell-struktur-14.11.2025-eng-scaled.png 2560w, https:\/\/rederiabeckero.ax\/wp-content\/uploads\/2025\/11\/Funktionell-struktur-14.11.2025-eng-300x169.png 300w, https:\/\/rederiabeckero.ax\/wp-content\/uploads\/2025\/11\/Funktionell-struktur-14.11.2025-eng-1030x579.png 1030w, https:\/\/rederiabeckero.ax\/wp-content\/uploads\/2025\/11\/Funktionell-struktur-14.11.2025-eng-768x432.png 768w, https:\/\/rederiabeckero.ax\/wp-content\/uploads\/2025\/11\/Funktionell-struktur-14.11.2025-eng-1536x864.png 1536w, https:\/\/rederiabeckero.ax\/wp-content\/uploads\/2025\/11\/Funktionell-struktur-14.11.2025-eng-2048x1152.png 2048w, https:\/\/rederiabeckero.ax\/wp-content\/uploads\/2025\/11\/Funktionell-struktur-14.11.2025-eng-1500x844.png 1500w, https:\/\/rederiabeckero.ax\/wp-content\/uploads\/2025\/11\/Funktionell-struktur-14.11.2025-eng-705x397.png 705w\" sizes=\"(max-width: 2560px) 100vw, 2560px\" \/><\/div><\/div><\/div>\n","protected":false},"excerpt":{"rendered":"","protected":false},"author":1,"featured_media":0,"parent":1800,"menu_order":0,"comment_status":"closed","ping_status":"closed","template":"","meta":{"footnotes":""},"class_list":["post-1374","page","type-page","status-publish","hentry"],"yoast_head":"<!-- This site is optimized with the Yoast SEO plugin v27.3 - https:\/\/yoast.com\/product\/yoast-seo-wordpress\/ -->\n<title>Group structure - Rederiaktiebolaget Ecker\u00f6<\/title>\n<meta name=\"robots\" content=\"index, follow, max-snippet:-1, max-image-preview:large, max-video-preview:-1\" \/>\n<link rel=\"canonical\" href=\"https:\/\/rederiabeckero.ax\/en\/the-group\/koncernstruktur\/\" \/>\n<meta property=\"og:locale\" content=\"en_US\" \/>\n<meta property=\"og:type\" content=\"article\" \/>\n<meta property=\"og:title\" content=\"Group structure - Rederiaktiebolaget Ecker\u00f6\" \/>\n<meta property=\"og:url\" content=\"https:\/\/rederiabeckero.ax\/en\/the-group\/koncernstruktur\/\" \/>\n<meta property=\"og:site_name\" content=\"Rederiaktiebolaget Ecker\u00f6\" \/>\n<meta property=\"article:modified_time\" content=\"2026-03-31T09:10:36+00:00\" \/>\n<meta property=\"og:image\" content=\"https:\/\/rederiabeckero.ax\/wp-content\/uploads\/2022\/11\/Eckerolinjen_logo_original_rgb-300x41.png\" \/>\n<meta name=\"twitter:card\" content=\"summary_large_image\" \/>\n<meta name=\"twitter:label1\" content=\"Est. reading time\" \/>\n\t<meta name=\"twitter:data1\" content=\"2 minutes\" \/>\n<script type=\"application\/ld+json\" class=\"yoast-schema-graph\">{\"@context\":\"https:\\\/\\\/schema.org\",\"@graph\":[{\"@type\":\"WebPage\",\"@id\":\"https:\\\/\\\/rederiabeckero.ax\\\/en\\\/the-group\\\/koncernstruktur\\\/\",\"url\":\"https:\\\/\\\/rederiabeckero.ax\\\/en\\\/the-group\\\/koncernstruktur\\\/\",\"name\":\"Group structure - Rederiaktiebolaget Ecker\u00f6\",\"isPartOf\":{\"@id\":\"https:\\\/\\\/rederiabeckero.ax\\\/#website\"},\"primaryImageOfPage\":{\"@id\":\"https:\\\/\\\/rederiabeckero.ax\\\/en\\\/the-group\\\/koncernstruktur\\\/#primaryimage\"},\"image\":{\"@id\":\"https:\\\/\\\/rederiabeckero.ax\\\/en\\\/the-group\\\/koncernstruktur\\\/#primaryimage\"},\"thumbnailUrl\":\"https:\\\/\\\/rederiabeckero.ax\\\/wp-content\\\/uploads\\\/2022\\\/11\\\/Eckerolinjen_logo_original_rgb-300x41.png\",\"datePublished\":\"2020-10-16T05:15:48+00:00\",\"dateModified\":\"2026-03-31T09:10:36+00:00\",\"breadcrumb\":{\"@id\":\"https:\\\/\\\/rederiabeckero.ax\\\/en\\\/the-group\\\/koncernstruktur\\\/#breadcrumb\"},\"inLanguage\":\"en-US\",\"potentialAction\":[{\"@type\":\"ReadAction\",\"target\":[\"https:\\\/\\\/rederiabeckero.ax\\\/en\\\/the-group\\\/koncernstruktur\\\/\"]}]},{\"@type\":\"ImageObject\",\"inLanguage\":\"en-US\",\"@id\":\"https:\\\/\\\/rederiabeckero.ax\\\/en\\\/the-group\\\/koncernstruktur\\\/#primaryimage\",\"url\":\"https:\\\/\\\/rederiabeckero.ax\\\/wp-content\\\/uploads\\\/2022\\\/11\\\/Eckerolinjen_logo_original_rgb-300x41.png\",\"contentUrl\":\"https:\\\/\\\/rederiabeckero.ax\\\/wp-content\\\/uploads\\\/2022\\\/11\\\/Eckerolinjen_logo_original_rgb-300x41.png\"},{\"@type\":\"BreadcrumbList\",\"@id\":\"https:\\\/\\\/rederiabeckero.ax\\\/en\\\/the-group\\\/koncernstruktur\\\/#breadcrumb\",\"itemListElement\":[{\"@type\":\"ListItem\",\"position\":1,\"name\":\"Hem\",\"item\":\"https:\\\/\\\/rederiabeckero.ax\\\/en\\\/start\\\/\"},{\"@type\":\"ListItem\",\"position\":2,\"name\":\"The Group\",\"item\":\"https:\\\/\\\/rederiabeckero.ax\\\/en\\\/the-group\\\/\"},{\"@type\":\"ListItem\",\"position\":3,\"name\":\"Group structure\"}]},{\"@type\":\"WebSite\",\"@id\":\"https:\\\/\\\/rederiabeckero.ax\\\/#website\",\"url\":\"https:\\\/\\\/rederiabeckero.ax\\\/\",\"name\":\"Rederiaktiebolaget Ecker\u00f6\",\"description\":\"\",\"publisher\":{\"@id\":\"https:\\\/\\\/rederiabeckero.ax\\\/#organization\"},\"potentialAction\":[{\"@type\":\"SearchAction\",\"target\":{\"@type\":\"EntryPoint\",\"urlTemplate\":\"https:\\\/\\\/rederiabeckero.ax\\\/?s={search_term_string}\"},\"query-input\":{\"@type\":\"PropertyValueSpecification\",\"valueRequired\":true,\"valueName\":\"search_term_string\"}}],\"inLanguage\":\"en-US\"},{\"@type\":\"Organization\",\"@id\":\"https:\\\/\\\/rederiabeckero.ax\\\/#organization\",\"name\":\"Rederiaktiebolaget Ecker\u00f6\",\"url\":\"https:\\\/\\\/rederiabeckero.ax\\\/\",\"logo\":{\"@type\":\"ImageObject\",\"inLanguage\":\"en-US\",\"@id\":\"https:\\\/\\\/rederiabeckero.ax\\\/#\\\/schema\\\/logo\\\/image\\\/\",\"url\":\"https:\\\/\\\/rederiabeckero.ax\\\/wp-content\\\/uploads\\\/2020\\\/10\\\/logo_second-2-1.png\",\"contentUrl\":\"https:\\\/\\\/rederiabeckero.ax\\\/wp-content\\\/uploads\\\/2020\\\/10\\\/logo_second-2-1.png\",\"width\":340,\"height\":156,\"caption\":\"Rederiaktiebolaget Ecker\u00f6\"},\"image\":{\"@id\":\"https:\\\/\\\/rederiabeckero.ax\\\/#\\\/schema\\\/logo\\\/image\\\/\"}}]}<\/script>\n<!-- \/ Yoast SEO plugin. -->","yoast_head_json":{"title":"Group structure - Rederiaktiebolaget Ecker\u00f6","robots":{"index":"index","follow":"follow","max-snippet":"max-snippet:-1","max-image-preview":"max-image-preview:large","max-video-preview":"max-video-preview:-1"},"canonical":"https:\/\/rederiabeckero.ax\/en\/the-group\/koncernstruktur\/","og_locale":"en_US","og_type":"article","og_title":"Group structure - Rederiaktiebolaget Ecker\u00f6","og_url":"https:\/\/rederiabeckero.ax\/en\/the-group\/koncernstruktur\/","og_site_name":"Rederiaktiebolaget Ecker\u00f6","article_modified_time":"2026-03-31T09:10:36+00:00","og_image":[{"url":"https:\/\/rederiabeckero.ax\/wp-content\/uploads\/2022\/11\/Eckerolinjen_logo_original_rgb-300x41.png","type":"","width":"","height":""}],"twitter_card":"summary_large_image","twitter_misc":{"Est. reading time":"2 minutes"},"schema":{"@context":"https:\/\/schema.org","@graph":[{"@type":"WebPage","@id":"https:\/\/rederiabeckero.ax\/en\/the-group\/koncernstruktur\/","url":"https:\/\/rederiabeckero.ax\/en\/the-group\/koncernstruktur\/","name":"Group structure - Rederiaktiebolaget Ecker\u00f6","isPartOf":{"@id":"https:\/\/rederiabeckero.ax\/#website"},"primaryImageOfPage":{"@id":"https:\/\/rederiabeckero.ax\/en\/the-group\/koncernstruktur\/#primaryimage"},"image":{"@id":"https:\/\/rederiabeckero.ax\/en\/the-group\/koncernstruktur\/#primaryimage"},"thumbnailUrl":"https:\/\/rederiabeckero.ax\/wp-content\/uploads\/2022\/11\/Eckerolinjen_logo_original_rgb-300x41.png","datePublished":"2020-10-16T05:15:48+00:00","dateModified":"2026-03-31T09:10:36+00:00","breadcrumb":{"@id":"https:\/\/rederiabeckero.ax\/en\/the-group\/koncernstruktur\/#breadcrumb"},"inLanguage":"en-US","potentialAction":[{"@type":"ReadAction","target":["https:\/\/rederiabeckero.ax\/en\/the-group\/koncernstruktur\/"]}]},{"@type":"ImageObject","inLanguage":"en-US","@id":"https:\/\/rederiabeckero.ax\/en\/the-group\/koncernstruktur\/#primaryimage","url":"https:\/\/rederiabeckero.ax\/wp-content\/uploads\/2022\/11\/Eckerolinjen_logo_original_rgb-300x41.png","contentUrl":"https:\/\/rederiabeckero.ax\/wp-content\/uploads\/2022\/11\/Eckerolinjen_logo_original_rgb-300x41.png"},{"@type":"BreadcrumbList","@id":"https:\/\/rederiabeckero.ax\/en\/the-group\/koncernstruktur\/#breadcrumb","itemListElement":[{"@type":"ListItem","position":1,"name":"Hem","item":"https:\/\/rederiabeckero.ax\/en\/start\/"},{"@type":"ListItem","position":2,"name":"The Group","item":"https:\/\/rederiabeckero.ax\/en\/the-group\/"},{"@type":"ListItem","position":3,"name":"Group structure"}]},{"@type":"WebSite","@id":"https:\/\/rederiabeckero.ax\/#website","url":"https:\/\/rederiabeckero.ax\/","name":"Rederiaktiebolaget Ecker\u00f6","description":"","publisher":{"@id":"https:\/\/rederiabeckero.ax\/#organization"},"potentialAction":[{"@type":"SearchAction","target":{"@type":"EntryPoint","urlTemplate":"https:\/\/rederiabeckero.ax\/?s={search_term_string}"},"query-input":{"@type":"PropertyValueSpecification","valueRequired":true,"valueName":"search_term_string"}}],"inLanguage":"en-US"},{"@type":"Organization","@id":"https:\/\/rederiabeckero.ax\/#organization","name":"Rederiaktiebolaget Ecker\u00f6","url":"https:\/\/rederiabeckero.ax\/","logo":{"@type":"ImageObject","inLanguage":"en-US","@id":"https:\/\/rederiabeckero.ax\/#\/schema\/logo\/image\/","url":"https:\/\/rederiabeckero.ax\/wp-content\/uploads\/2020\/10\/logo_second-2-1.png","contentUrl":"https:\/\/rederiabeckero.ax\/wp-content\/uploads\/2020\/10\/logo_second-2-1.png","width":340,"height":156,"caption":"Rederiaktiebolaget Ecker\u00f6"},"image":{"@id":"https:\/\/rederiabeckero.ax\/#\/schema\/logo\/image\/"}}]}},"_links":{"self":[{"href":"https:\/\/rederiabeckero.ax\/en\/wp-json\/wp\/v2\/pages\/1374","targetHints":{"allow":["GET"]}}],"collection":[{"href":"https:\/\/rederiabeckero.ax\/en\/wp-json\/wp\/v2\/pages"}],"about":[{"href":"https:\/\/rederiabeckero.ax\/en\/wp-json\/wp\/v2\/types\/page"}],"author":[{"embeddable":true,"href":"https:\/\/rederiabeckero.ax\/en\/wp-json\/wp\/v2\/users\/1"}],"replies":[{"embeddable":true,"href":"https:\/\/rederiabeckero.ax\/en\/wp-json\/wp\/v2\/comments?post=1374"}],"version-history":[{"count":20,"href":"https:\/\/rederiabeckero.ax\/en\/wp-json\/wp\/v2\/pages\/1374\/revisions"}],"predecessor-version":[{"id":6143,"href":"https:\/\/rederiabeckero.ax\/en\/wp-json\/wp\/v2\/pages\/1374\/revisions\/6143"}],"up":[{"embeddable":true,"href":"https:\/\/rederiabeckero.ax\/en\/wp-json\/wp\/v2\/pages\/1800"}],"wp:attachment":[{"href":"https:\/\/rederiabeckero.ax\/en\/wp-json\/wp\/v2\/media?parent=1374"}],"curies":[{"name":"wp","href":"https:\/\/api.w.org\/{rel}","templated":true}]}}