{"id":1636,"date":"2020-10-16T07:48:13","date_gmt":"2020-10-16T04:48:13","guid":{"rendered":"https:\/\/rederiabeckero.ax\/styrelse\/"},"modified":"2026-03-04T08:58:03","modified_gmt":"2026-03-04T06:58:03","slug":"board-of-directors","status":"publish","type":"page","link":"https:\/\/rederiabeckero.ax\/en\/investors\/corporate-governance\/board-of-directors\/","title":{"rendered":"Board of Directors"},"content":{"rendered":"\n<style type=\"text\/css\" data-created_by=\"avia_inline_auto\" id=\"style-css-av-azfip-035cc7a256f410a91d27833e91503775\">\n#top .av-special-heading.av-azfip-035cc7a256f410a91d27833e91503775{\npadding-bottom:10px;\n}\nbody .av-special-heading.av-azfip-035cc7a256f410a91d27833e91503775 .av-special-heading-tag .heading-char{\nfont-size:25px;\n}\n.av-special-heading.av-azfip-035cc7a256f410a91d27833e91503775 .av-subheading{\nfont-size:15px;\n}\n<\/style>\n<div  class='av-special-heading av-azfip-035cc7a256f410a91d27833e91503775 av-special-heading-h2  avia-builder-el-0  el_before_av_hr  avia-builder-el-first '><h2 class='av-special-heading-tag '  itemprop=\"headline\"  >Board of Directors in Rederiaktiebolaget Ecker\u00f6<\/h2><div class=\"special-heading-border\"><div class=\"special-heading-inner-border\"><\/div><\/div><\/div>\n<div  class='hr av-cdi238-c4a5e4a2c4600b48366822041d7aeaa3 hr-default  avia-builder-el-1  el_after_av_heading  el_before_av_textblock '><span class='hr-inner '><span class=\"hr-inner-style\"><\/span><\/span><\/div>\n<section  class='av_textblock_section av-kgby7lkh-9dda649f5fabf7763e8dc82aaf870189 '   itemscope=\"itemscope\" itemtype=\"https:\/\/schema.org\/CreativeWork\" ><div class='avia_textblock'  itemprop=\"text\" ><p>At the Annual General Meeting the 24th of April 2024, Bj\u00f6rn Blomqvist, \u00c5sa Dahlman, Marika Mans\u00e9n-Hillar, Bernt Bergman, Pavlos Ylinen and Paulina Lepist\u00f6 Andresen were re-elected as regular board members. At the Constituent Board meeting on the same day Marika Mans\u00e9n-Hillar was re-elected as Chairman and Bernt Bergman as vice Chairman.<\/p>\n<\/div><\/section>\n<div  class='flex_column av-agik84-93b67f1eba4f667d2d88ff58330f80ba av_one_third  avia-builder-el-3  el_after_av_textblock  el_before_av_one_third  first flex_column_div  column-top-margin'     ><style type=\"text\/css\" data-created_by=\"avia_inline_auto\" id=\"style-css-av-kgby9po7-6d6a036ec680ff585429e9d547c8389e\">\n#top #wrap_all .avia-team-member.av-kgby9po7-6d6a036ec680ff585429e9d547c8389e .team-member-name{\nfont-size:20px;\n}\n<\/style>\n<section  class='avia-team-member av-kgby9po7-6d6a036ec680ff585429e9d547c8389e  avia-builder-el-4  avia-builder-el-no-sibling '  itemscope=\"itemscope\" itemtype=\"https:\/\/schema.org\/Person\" ><div class=\"team-img-container\"><img decoding=\"async\" fetchpriority=\"high\" class='wp-image-6020 avia-img-lazy-loading-not-6020 avia_image avia_image_team av-team-img-original' src=\"https:\/\/rederiabeckero.ax\/wp-content\/uploads\/2026\/03\/Marika-Mansen-Hillar_webb.jpg\" alt='Marika Mans\u00e9n-Hillar'  itemprop=\"image\"   height=\"150\" width=\"100\" \/><\/div><h3 class='team-member-name '  itemprop=\"name\" >Marika Mans\u00e9n-Hillar<\/h3><div class='team-member-description '  itemprop=\"description\" ><p>Rederi AB Sk\u00e4rg\u00e5rdstrafik, born 1967. Deputy Board member 1994-1999, regular member of the Board 2000-<\/p>\n<\/div><span class='hidden team-member-affiliation'  itemprop=\"affiliation\" >Rederiaktiebolaget Ecker\u00f6<\/span><\/section><\/div><div  class='flex_column av-wb89g-1a665a8aada1cfb01f12613226d75d3e av_one_third  avia-builder-el-5  el_after_av_one_third  el_before_av_one_third  flex_column_div  column-top-margin'     ><style type=\"text\/css\" data-created_by=\"avia_inline_auto\" id=\"style-css-av-kgby9po7-11-8bcf17f844d0af54631f6186220e770f\">\n#top #wrap_all .avia-team-member.av-kgby9po7-11-8bcf17f844d0af54631f6186220e770f .team-member-name{\nfont-size:20px;\n}\n<\/style>\n<section  class='avia-team-member av-kgby9po7-11-8bcf17f844d0af54631f6186220e770f  avia-builder-el-6  avia-builder-el-no-sibling '  itemscope=\"itemscope\" itemtype=\"https:\/\/schema.org\/Person\" ><div class=\"team-img-container\"><img decoding=\"async\" fetchpriority=\"high\" class='wp-image-6028 avia-img-lazy-loading-not-6028 avia_image avia_image_team av-team-img-original' src=\"https:\/\/rederiabeckero.ax\/wp-content\/uploads\/2026\/03\/Bernt-Bergman_webb.jpg\" alt='Bernt Bergman'  itemprop=\"image\"   height=\"150\" width=\"100\" \/><\/div><h3 class='team-member-name '  itemprop=\"name\" >Bernt Bergman<\/h3><div class='team-member-description '  itemprop=\"description\" ><p>Marine Engineer, Boarder Guard Naval Exam, born 1961. Regular Board Member 2020-<\/p>\n<\/div><span class='hidden team-member-affiliation'  itemprop=\"affiliation\" >Rederiaktiebolaget Ecker\u00f6<\/span><\/section><\/div><div  class='flex_column av-73imyc-b94fc99c34d843610b0c03f7c9c19402 av_one_third  avia-builder-el-7  el_after_av_one_third  el_before_av_one_third  flex_column_div  column-top-margin'     ><style type=\"text\/css\" data-created_by=\"avia_inline_auto\" id=\"style-css-av-kgby9po7-10-dc2680ba11a92b192175311c5550b093\">\n#top #wrap_all .avia-team-member.av-kgby9po7-10-dc2680ba11a92b192175311c5550b093 .team-member-name{\nfont-size:20px;\n}\n<\/style>\n<section  class='avia-team-member av-kgby9po7-10-dc2680ba11a92b192175311c5550b093  avia-builder-el-8  avia-builder-el-no-sibling '  itemscope=\"itemscope\" itemtype=\"https:\/\/schema.org\/Person\" ><div class=\"team-img-container\"><img decoding=\"async\" fetchpriority=\"high\" class='wp-image-6026 avia-img-lazy-loading-not-6026 avia_image avia_image_team av-team-img-original' src=\"https:\/\/rederiabeckero.ax\/wp-content\/uploads\/2026\/03\/Asa-Dahlman-Lemberg_web.jpg\" alt='\u00c5sa Dahlman-Lemberg'  itemprop=\"image\"   height=\"150\" width=\"100\" \/><\/div><h3 class='team-member-name '  itemprop=\"name\" >\u00c5sa Dahlman-Lemberg<\/h3><div class='team-member-description '  itemprop=\"description\" ><p>Master of Political Sciences, born 1978. Regular Board Member 2015-<\/p>\n<\/div><span class='hidden team-member-affiliation'  itemprop=\"affiliation\" >Rederiaktiebolaget Ecker\u00f6<\/span><\/section><\/div><div  class='flex_column av-64gf50-4fc8e7b80a3ffea469fb5aec773ea7cd av_one_third  avia-builder-el-9  el_after_av_one_third  el_before_av_one_third  first flex_column_div  column-top-margin'     ><style type=\"text\/css\" data-created_by=\"avia_inline_auto\" id=\"style-css-av-lh93lzzf-47b85c0a1561c1b61b94887b08ddc2ca\">\n#top #wrap_all .avia-team-member.av-lh93lzzf-47b85c0a1561c1b61b94887b08ddc2ca .team-member-name{\nfont-size:20px;\n}\n<\/style>\n<section  class='avia-team-member av-lh93lzzf-47b85c0a1561c1b61b94887b08ddc2ca  avia-builder-el-10  avia-builder-el-no-sibling '  itemscope=\"itemscope\" itemtype=\"https:\/\/schema.org\/Person\" ><div class=\"team-img-container\"><img decoding=\"async\" fetchpriority=\"high\" class='wp-image-6022 avia-img-lazy-loading-not-6022 avia_image avia_image_team av-team-img-original' src=\"https:\/\/rederiabeckero.ax\/wp-content\/uploads\/2026\/03\/Paulina-Lepisto-Andresen_webb.jpg\" alt='Paulina Lepist\u00f6 Andresen'  itemprop=\"image\"   height=\"150\" width=\"100\" \/><\/div><h3 class='team-member-name '  itemprop=\"name\" >Paulina Lepist\u00f6 Andresen<\/h3><div class='team-member-description '  itemprop=\"description\" ><p>B.Sc. Shipping and Logistics, born 1982. Regular Board Member 2023-<\/p>\n<\/div><span class='hidden team-member-affiliation'  itemprop=\"affiliation\" >Rederiaktiebolaget Ecker\u00f6<\/span><\/section><\/div><div  class='flex_column av-3n1bsk-4b64e48d917234eced822161a6acea27 av_one_third  avia-builder-el-11  el_after_av_one_third  el_before_av_one_third  flex_column_div  column-top-margin'     ><style type=\"text\/css\" data-created_by=\"avia_inline_auto\" id=\"style-css-av-kgby9po7-9-1fe4e3334947e6451a16e13398120016\">\n#top #wrap_all .avia-team-member.av-kgby9po7-9-1fe4e3334947e6451a16e13398120016 .team-member-name{\nfont-size:20px;\n}\n<\/style>\n<section  class='avia-team-member av-kgby9po7-9-1fe4e3334947e6451a16e13398120016  avia-builder-el-12  avia-builder-el-no-sibling '  itemscope=\"itemscope\" itemtype=\"https:\/\/schema.org\/Person\" ><div class=\"team-img-container\"><img decoding=\"async\" fetchpriority=\"high\" class='wp-image-6024 avia-img-lazy-loading-not-6024 avia_image avia_image_team av-team-img-original' src=\"https:\/\/rederiabeckero.ax\/wp-content\/uploads\/2026\/03\/Pavlos-Ylinen_webb.jpg\" alt='Pavlos Ylinen'  itemprop=\"image\"   height=\"150\" width=\"100\" \/><\/div><h3 class='team-member-name '  itemprop=\"name\" >Pavlos Ylinen<\/h3><div class='team-member-description '  itemprop=\"description\" ><p>CEO and founder Datafisher Oy. MsC Shipping, Trade and Finance, M.Pol.Sc., born 1968<br \/>\nRegular Board Member 2022-<\/p>\n<\/div><span class='hidden team-member-affiliation'  itemprop=\"affiliation\" >Rederiaktiebolaget Ecker\u00f6<\/span><\/section><\/div><div  class='flex_column av-2iaf5g-2347ae94ed20e41e52e5ab8ee8038af8 av_one_third  avia-builder-el-13  el_after_av_one_third  avia-builder-el-last  flex_column_div  column-top-margin'     ><style type=\"text\/css\" data-created_by=\"avia_inline_auto\" id=\"style-css-av-kgby9po7-8-ba3d7d33a5b34ac644f4940e732a091a\">\n#top #wrap_all .avia-team-member.av-kgby9po7-8-ba3d7d33a5b34ac644f4940e732a091a .team-member-name{\nfont-size:20px;\n}\n<\/style>\n<section  class='avia-team-member av-kgby9po7-8-ba3d7d33a5b34ac644f4940e732a091a  avia-builder-el-14  avia-builder-el-no-sibling '  itemscope=\"itemscope\" itemtype=\"https:\/\/schema.org\/Person\" ><div class=\"team-img-container\"><img decoding=\"async\" fetchpriority=\"high\" class='wp-image-6018 avia-img-lazy-loading-not-6018 avia_image avia_image_team av-team-img-original' src=\"https:\/\/rederiabeckero.ax\/wp-content\/uploads\/2026\/03\/Bjorn-Blomqvist_webb.jpg\" alt='Bj\u00f6rn Blomqvist'  itemprop=\"image\"   height=\"150\" width=\"100\" \/><\/div><h3 class='team-member-name '  itemprop=\"name\" >Bj\u00f6rn Blomqvist<\/h3><div class='team-member-description '  itemprop=\"description\" ><p>M.Sc. business administration &amp; economics, CEO of Rederiaktiebolaget Ecker\u00f6, born 1969. Regular Board Member 2014-<\/p>\n<\/div><span class='hidden team-member-affiliation'  itemprop=\"affiliation\" >Rederiaktiebolaget Ecker\u00f6<\/span><\/section><\/div><\/p>\n","protected":false},"excerpt":{"rendered":"","protected":false},"author":1,"featured_media":0,"parent":1824,"menu_order":40,"comment_status":"closed","ping_status":"closed","template":"","meta":{"footnotes":""},"class_list":["post-1636","page","type-page","status-publish","hentry"],"yoast_head":"<!-- This site is optimized with the Yoast SEO plugin v27.3 - https:\/\/yoast.com\/product\/yoast-seo-wordpress\/ -->\n<title>Board of Directors - Rederiaktiebolaget Ecker\u00f6<\/title>\n<meta name=\"robots\" content=\"index, follow, max-snippet:-1, max-image-preview:large, max-video-preview:-1\" \/>\n<link rel=\"canonical\" href=\"https:\/\/rederiabeckero.ax\/en\/investors\/corporate-governance\/board-of-directors\/\" \/>\n<meta property=\"og:locale\" content=\"en_US\" \/>\n<meta property=\"og:type\" content=\"article\" \/>\n<meta property=\"og:title\" content=\"Board of Directors - Rederiaktiebolaget Ecker\u00f6\" \/>\n<meta property=\"og:url\" content=\"https:\/\/rederiabeckero.ax\/en\/investors\/corporate-governance\/board-of-directors\/\" \/>\n<meta property=\"og:site_name\" content=\"Rederiaktiebolaget Ecker\u00f6\" \/>\n<meta property=\"article:modified_time\" content=\"2026-03-04T06:58:03+00:00\" \/>\n<meta name=\"twitter:card\" content=\"summary_large_image\" \/>\n<meta name=\"twitter:label1\" content=\"Est. reading time\" \/>\n\t<meta name=\"twitter:data1\" content=\"3 minutes\" \/>\n<script type=\"application\/ld+json\" class=\"yoast-schema-graph\">{\"@context\":\"https:\\\/\\\/schema.org\",\"@graph\":[{\"@type\":\"WebPage\",\"@id\":\"https:\\\/\\\/rederiabeckero.ax\\\/en\\\/investors\\\/corporate-governance\\\/board-of-directors\\\/\",\"url\":\"https:\\\/\\\/rederiabeckero.ax\\\/en\\\/investors\\\/corporate-governance\\\/board-of-directors\\\/\",\"name\":\"Board of Directors - Rederiaktiebolaget Ecker\u00f6\",\"isPartOf\":{\"@id\":\"https:\\\/\\\/rederiabeckero.ax\\\/#website\"},\"datePublished\":\"2020-10-16T04:48:13+00:00\",\"dateModified\":\"2026-03-04T06:58:03+00:00\",\"breadcrumb\":{\"@id\":\"https:\\\/\\\/rederiabeckero.ax\\\/en\\\/investors\\\/corporate-governance\\\/board-of-directors\\\/#breadcrumb\"},\"inLanguage\":\"en-US\",\"potentialAction\":[{\"@type\":\"ReadAction\",\"target\":[\"https:\\\/\\\/rederiabeckero.ax\\\/en\\\/investors\\\/corporate-governance\\\/board-of-directors\\\/\"]}]},{\"@type\":\"BreadcrumbList\",\"@id\":\"https:\\\/\\\/rederiabeckero.ax\\\/en\\\/investors\\\/corporate-governance\\\/board-of-directors\\\/#breadcrumb\",\"itemListElement\":[{\"@type\":\"ListItem\",\"position\":1,\"name\":\"Hem\",\"item\":\"https:\\\/\\\/rederiabeckero.ax\\\/en\\\/start\\\/\"},{\"@type\":\"ListItem\",\"position\":2,\"name\":\"Investors\",\"item\":\"https:\\\/\\\/rederiabeckero.ax\\\/en\\\/investors\\\/\"},{\"@type\":\"ListItem\",\"position\":3,\"name\":\"Corporate Governance\",\"item\":\"https:\\\/\\\/rederiabeckero.ax\\\/en\\\/investors\\\/corporate-governance\\\/\"},{\"@type\":\"ListItem\",\"position\":4,\"name\":\"Board of Directors\"}]},{\"@type\":\"WebSite\",\"@id\":\"https:\\\/\\\/rederiabeckero.ax\\\/#website\",\"url\":\"https:\\\/\\\/rederiabeckero.ax\\\/\",\"name\":\"Rederiaktiebolaget Ecker\u00f6\",\"description\":\"\",\"publisher\":{\"@id\":\"https:\\\/\\\/rederiabeckero.ax\\\/#organization\"},\"potentialAction\":[{\"@type\":\"SearchAction\",\"target\":{\"@type\":\"EntryPoint\",\"urlTemplate\":\"https:\\\/\\\/rederiabeckero.ax\\\/?s={search_term_string}\"},\"query-input\":{\"@type\":\"PropertyValueSpecification\",\"valueRequired\":true,\"valueName\":\"search_term_string\"}}],\"inLanguage\":\"en-US\"},{\"@type\":\"Organization\",\"@id\":\"https:\\\/\\\/rederiabeckero.ax\\\/#organization\",\"name\":\"Rederiaktiebolaget Ecker\u00f6\",\"url\":\"https:\\\/\\\/rederiabeckero.ax\\\/\",\"logo\":{\"@type\":\"ImageObject\",\"inLanguage\":\"en-US\",\"@id\":\"https:\\\/\\\/rederiabeckero.ax\\\/#\\\/schema\\\/logo\\\/image\\\/\",\"url\":\"https:\\\/\\\/rederiabeckero.ax\\\/wp-content\\\/uploads\\\/2020\\\/10\\\/logo_second-2-1.png\",\"contentUrl\":\"https:\\\/\\\/rederiabeckero.ax\\\/wp-content\\\/uploads\\\/2020\\\/10\\\/logo_second-2-1.png\",\"width\":340,\"height\":156,\"caption\":\"Rederiaktiebolaget Ecker\u00f6\"},\"image\":{\"@id\":\"https:\\\/\\\/rederiabeckero.ax\\\/#\\\/schema\\\/logo\\\/image\\\/\"}}]}<\/script>\n<!-- \/ Yoast SEO plugin. -->","yoast_head_json":{"title":"Board of Directors - Rederiaktiebolaget Ecker\u00f6","robots":{"index":"index","follow":"follow","max-snippet":"max-snippet:-1","max-image-preview":"max-image-preview:large","max-video-preview":"max-video-preview:-1"},"canonical":"https:\/\/rederiabeckero.ax\/en\/investors\/corporate-governance\/board-of-directors\/","og_locale":"en_US","og_type":"article","og_title":"Board of Directors - Rederiaktiebolaget Ecker\u00f6","og_url":"https:\/\/rederiabeckero.ax\/en\/investors\/corporate-governance\/board-of-directors\/","og_site_name":"Rederiaktiebolaget Ecker\u00f6","article_modified_time":"2026-03-04T06:58:03+00:00","twitter_card":"summary_large_image","twitter_misc":{"Est. reading time":"3 minutes"},"schema":{"@context":"https:\/\/schema.org","@graph":[{"@type":"WebPage","@id":"https:\/\/rederiabeckero.ax\/en\/investors\/corporate-governance\/board-of-directors\/","url":"https:\/\/rederiabeckero.ax\/en\/investors\/corporate-governance\/board-of-directors\/","name":"Board of Directors - Rederiaktiebolaget Ecker\u00f6","isPartOf":{"@id":"https:\/\/rederiabeckero.ax\/#website"},"datePublished":"2020-10-16T04:48:13+00:00","dateModified":"2026-03-04T06:58:03+00:00","breadcrumb":{"@id":"https:\/\/rederiabeckero.ax\/en\/investors\/corporate-governance\/board-of-directors\/#breadcrumb"},"inLanguage":"en-US","potentialAction":[{"@type":"ReadAction","target":["https:\/\/rederiabeckero.ax\/en\/investors\/corporate-governance\/board-of-directors\/"]}]},{"@type":"BreadcrumbList","@id":"https:\/\/rederiabeckero.ax\/en\/investors\/corporate-governance\/board-of-directors\/#breadcrumb","itemListElement":[{"@type":"ListItem","position":1,"name":"Hem","item":"https:\/\/rederiabeckero.ax\/en\/start\/"},{"@type":"ListItem","position":2,"name":"Investors","item":"https:\/\/rederiabeckero.ax\/en\/investors\/"},{"@type":"ListItem","position":3,"name":"Corporate Governance","item":"https:\/\/rederiabeckero.ax\/en\/investors\/corporate-governance\/"},{"@type":"ListItem","position":4,"name":"Board of Directors"}]},{"@type":"WebSite","@id":"https:\/\/rederiabeckero.ax\/#website","url":"https:\/\/rederiabeckero.ax\/","name":"Rederiaktiebolaget Ecker\u00f6","description":"","publisher":{"@id":"https:\/\/rederiabeckero.ax\/#organization"},"potentialAction":[{"@type":"SearchAction","target":{"@type":"EntryPoint","urlTemplate":"https:\/\/rederiabeckero.ax\/?s={search_term_string}"},"query-input":{"@type":"PropertyValueSpecification","valueRequired":true,"valueName":"search_term_string"}}],"inLanguage":"en-US"},{"@type":"Organization","@id":"https:\/\/rederiabeckero.ax\/#organization","name":"Rederiaktiebolaget Ecker\u00f6","url":"https:\/\/rederiabeckero.ax\/","logo":{"@type":"ImageObject","inLanguage":"en-US","@id":"https:\/\/rederiabeckero.ax\/#\/schema\/logo\/image\/","url":"https:\/\/rederiabeckero.ax\/wp-content\/uploads\/2020\/10\/logo_second-2-1.png","contentUrl":"https:\/\/rederiabeckero.ax\/wp-content\/uploads\/2020\/10\/logo_second-2-1.png","width":340,"height":156,"caption":"Rederiaktiebolaget Ecker\u00f6"},"image":{"@id":"https:\/\/rederiabeckero.ax\/#\/schema\/logo\/image\/"}}]}},"_links":{"self":[{"href":"https:\/\/rederiabeckero.ax\/en\/wp-json\/wp\/v2\/pages\/1636","targetHints":{"allow":["GET"]}}],"collection":[{"href":"https:\/\/rederiabeckero.ax\/en\/wp-json\/wp\/v2\/pages"}],"about":[{"href":"https:\/\/rederiabeckero.ax\/en\/wp-json\/wp\/v2\/types\/page"}],"author":[{"embeddable":true,"href":"https:\/\/rederiabeckero.ax\/en\/wp-json\/wp\/v2\/users\/1"}],"replies":[{"embeddable":true,"href":"https:\/\/rederiabeckero.ax\/en\/wp-json\/wp\/v2\/comments?post=1636"}],"version-history":[{"count":20,"href":"https:\/\/rederiabeckero.ax\/en\/wp-json\/wp\/v2\/pages\/1636\/revisions"}],"predecessor-version":[{"id":6032,"href":"https:\/\/rederiabeckero.ax\/en\/wp-json\/wp\/v2\/pages\/1636\/revisions\/6032"}],"up":[{"embeddable":true,"href":"https:\/\/rederiabeckero.ax\/en\/wp-json\/wp\/v2\/pages\/1824"}],"wp:attachment":[{"href":"https:\/\/rederiabeckero.ax\/en\/wp-json\/wp\/v2\/media?parent=1636"}],"curies":[{"name":"wp","href":"https:\/\/api.w.org\/{rel}","templated":true}]}}