{"id":1842,"date":"2022-11-17T10:52:18","date_gmt":"2022-11-17T10:52:18","guid":{"rendered":"https:\/\/rederiabeckero.ax\/?page_id=1842"},"modified":"2023-01-24T07:33:27","modified_gmt":"2023-01-24T07:33:27","slug":"annual-general-meeting","status":"publish","type":"page","link":"https:\/\/rederiabeckero.ax\/en\/investors\/corporate-governance\/annual-general-meeting\/","title":{"rendered":"Annual General Meeting"},"content":{"rendered":"\n<style type=\"text\/css\" data-created_by=\"avia_inline_auto\" id=\"style-css-av-ld1quzkp-ec8131a2afda90baf396b1dd4d2bba50\">\n#top .av-special-heading.av-ld1quzkp-ec8131a2afda90baf396b1dd4d2bba50{\npadding-bottom:10px;\n}\nbody .av-special-heading.av-ld1quzkp-ec8131a2afda90baf396b1dd4d2bba50 .av-special-heading-tag .heading-char{\nfont-size:25px;\n}\n.av-special-heading.av-ld1quzkp-ec8131a2afda90baf396b1dd4d2bba50 .av-subheading{\nfont-size:15px;\n}\n<\/style>\n<div  class='av-special-heading av-ld1quzkp-ec8131a2afda90baf396b1dd4d2bba50 av-special-heading-h2  avia-builder-el-0  el_before_av_hr  avia-builder-el-first '><h2 class='av-special-heading-tag '  itemprop=\"headline\"  >Annual General Meeting<\/h2><div class=\"special-heading-border\"><div class=\"special-heading-inner-border\"><\/div><\/div><\/div>\n<div  class='hr av-av_hr-91d7ccd583a503147498e120fee2ff9b hr-default  avia-builder-el-1  el_after_av_heading  el_before_av_textblock '><span class='hr-inner '><span class=\"hr-inner-style\"><\/span><\/span><\/div>\n<section  class='av_textblock_section av-ld1qvf6q-98275d2dfba136230302f20f30bfb742 '   itemscope=\"itemscope\" itemtype=\"https:\/\/schema.org\/CreativeWork\" ><div class='avia_textblock'  itemprop=\"text\" ><\/div><\/section>\n<section  class='av_textblock_section av-ld347ccl-d3b1adf8cf80e66805712f2cb585801c '   itemscope=\"itemscope\" itemtype=\"https:\/\/schema.org\/CreativeWork\" ><div class='avia_textblock'  itemprop=\"text\" ><p>Rederiaktiebolaget Ecker\u00f6 is a privately owned \u00c5land company, whose domicile is Ecker\u00f6 which is governed by the Finnish Companies Act and the Company\u2019s Articles of Association. In compliance with the Companies Act, the Annual General Meeting (AGM) is the highest decision-making body of the Company, where the owners exercise their influence.<\/p>\n<p>All shares constitute a series in which all shares are equal and each share corresponds to one vote in voting and election.<\/p>\n<p>The AGM decides on such matters as the adoption of the financial statements for the preceding financial year, the distribution of the Company\u2019s profit or loss and discharge of the Board of Directors as well as the President and Chief Executive Officer from liability for that year. The meeting also elects the Chairman of the Board, the other Board members and auditors, as well as deciding on their fees.<\/p>\n<p>The AGM also makes decisions concerning the Company\u2019s shares and share capital as well as changes in the Articles of Association.<\/p>\n<p>An extraordinary general meeting (EGM) shall be held if the Board of Directors or the AGM has so decided, or if an auditor or owners of at least 1\/10 of all shares require this in writing to address a given matter.<\/p>\n<p>In accordance with the Articles of Association, the AGM is held at the company&#8217;s domicile or in Mariehamn on a day determined by the board within six months after the end of the accounting period.<\/p>\n<p>The AGM is called by an announcement which is inserted in a newspaper determined by the board and published in \u00c5land. The notice must be given no earlier than two months before the record date of the AGM and no later than three weeks before the AGM.<\/p>\n<p>In addition to disclosing the items of business that will be discussed at the meeting, the invitation shall include candidates proposed for the Board and their compensation as well as candidates proposed for the position of auditor.<\/p>\n<p>A shareholder is entitled to have a matter considered at the AGM if that person requests it in writing if he requests this in writing from the board in sufficient time that the matter can be included in the notice to the General Meeting.<\/p>\n<\/div><\/section>\n","protected":false},"excerpt":{"rendered":"","protected":false},"author":2,"featured_media":0,"parent":1824,"menu_order":10,"comment_status":"closed","ping_status":"closed","template":"","meta":{"footnotes":""},"class_list":["post-1842","page","type-page","status-publish","hentry"],"yoast_head":"<!-- This site is optimized with the Yoast SEO plugin v27.3 - https:\/\/yoast.com\/product\/yoast-seo-wordpress\/ -->\n<title>Annual General Meeting - Rederiaktiebolaget Ecker\u00f6<\/title>\n<meta name=\"robots\" content=\"index, follow, max-snippet:-1, max-image-preview:large, max-video-preview:-1\" \/>\n<link rel=\"canonical\" href=\"https:\/\/rederiabeckero.ax\/en\/investors\/corporate-governance\/annual-general-meeting\/\" \/>\n<meta property=\"og:locale\" content=\"en_US\" \/>\n<meta property=\"og:type\" content=\"article\" \/>\n<meta property=\"og:title\" content=\"Annual General Meeting - Rederiaktiebolaget Ecker\u00f6\" \/>\n<meta property=\"og:url\" content=\"https:\/\/rederiabeckero.ax\/en\/investors\/corporate-governance\/annual-general-meeting\/\" \/>\n<meta property=\"og:site_name\" content=\"Rederiaktiebolaget Ecker\u00f6\" \/>\n<meta property=\"article:modified_time\" content=\"2023-01-24T07:33:27+00:00\" \/>\n<meta name=\"twitter:card\" content=\"summary_large_image\" \/>\n<meta name=\"twitter:label1\" content=\"Est. reading time\" \/>\n\t<meta name=\"twitter:data1\" content=\"4 minutes\" \/>\n<script type=\"application\/ld+json\" class=\"yoast-schema-graph\">{\"@context\":\"https:\\\/\\\/schema.org\",\"@graph\":[{\"@type\":\"WebPage\",\"@id\":\"https:\\\/\\\/rederiabeckero.ax\\\/en\\\/investors\\\/corporate-governance\\\/annual-general-meeting\\\/\",\"url\":\"https:\\\/\\\/rederiabeckero.ax\\\/en\\\/investors\\\/corporate-governance\\\/annual-general-meeting\\\/\",\"name\":\"Annual General Meeting - Rederiaktiebolaget Ecker\u00f6\",\"isPartOf\":{\"@id\":\"https:\\\/\\\/rederiabeckero.ax\\\/#website\"},\"datePublished\":\"2022-11-17T10:52:18+00:00\",\"dateModified\":\"2023-01-24T07:33:27+00:00\",\"breadcrumb\":{\"@id\":\"https:\\\/\\\/rederiabeckero.ax\\\/en\\\/investors\\\/corporate-governance\\\/annual-general-meeting\\\/#breadcrumb\"},\"inLanguage\":\"en-US\",\"potentialAction\":[{\"@type\":\"ReadAction\",\"target\":[\"https:\\\/\\\/rederiabeckero.ax\\\/en\\\/investors\\\/corporate-governance\\\/annual-general-meeting\\\/\"]}]},{\"@type\":\"BreadcrumbList\",\"@id\":\"https:\\\/\\\/rederiabeckero.ax\\\/en\\\/investors\\\/corporate-governance\\\/annual-general-meeting\\\/#breadcrumb\",\"itemListElement\":[{\"@type\":\"ListItem\",\"position\":1,\"name\":\"Hem\",\"item\":\"https:\\\/\\\/rederiabeckero.ax\\\/en\\\/start\\\/\"},{\"@type\":\"ListItem\",\"position\":2,\"name\":\"Investors\",\"item\":\"https:\\\/\\\/rederiabeckero.ax\\\/en\\\/investors\\\/\"},{\"@type\":\"ListItem\",\"position\":3,\"name\":\"Corporate Governance\",\"item\":\"https:\\\/\\\/rederiabeckero.ax\\\/en\\\/investors\\\/corporate-governance\\\/\"},{\"@type\":\"ListItem\",\"position\":4,\"name\":\"Annual General Meeting\"}]},{\"@type\":\"WebSite\",\"@id\":\"https:\\\/\\\/rederiabeckero.ax\\\/#website\",\"url\":\"https:\\\/\\\/rederiabeckero.ax\\\/\",\"name\":\"Rederiaktiebolaget Ecker\u00f6\",\"description\":\"\",\"publisher\":{\"@id\":\"https:\\\/\\\/rederiabeckero.ax\\\/#organization\"},\"potentialAction\":[{\"@type\":\"SearchAction\",\"target\":{\"@type\":\"EntryPoint\",\"urlTemplate\":\"https:\\\/\\\/rederiabeckero.ax\\\/?s={search_term_string}\"},\"query-input\":{\"@type\":\"PropertyValueSpecification\",\"valueRequired\":true,\"valueName\":\"search_term_string\"}}],\"inLanguage\":\"en-US\"},{\"@type\":\"Organization\",\"@id\":\"https:\\\/\\\/rederiabeckero.ax\\\/#organization\",\"name\":\"Rederiaktiebolaget Ecker\u00f6\",\"url\":\"https:\\\/\\\/rederiabeckero.ax\\\/\",\"logo\":{\"@type\":\"ImageObject\",\"inLanguage\":\"en-US\",\"@id\":\"https:\\\/\\\/rederiabeckero.ax\\\/#\\\/schema\\\/logo\\\/image\\\/\",\"url\":\"https:\\\/\\\/rederiabeckero.ax\\\/wp-content\\\/uploads\\\/2020\\\/10\\\/logo_second-2-1.png\",\"contentUrl\":\"https:\\\/\\\/rederiabeckero.ax\\\/wp-content\\\/uploads\\\/2020\\\/10\\\/logo_second-2-1.png\",\"width\":340,\"height\":156,\"caption\":\"Rederiaktiebolaget Ecker\u00f6\"},\"image\":{\"@id\":\"https:\\\/\\\/rederiabeckero.ax\\\/#\\\/schema\\\/logo\\\/image\\\/\"}}]}<\/script>\n<!-- \/ Yoast SEO plugin. -->","yoast_head_json":{"title":"Annual General Meeting - Rederiaktiebolaget Ecker\u00f6","robots":{"index":"index","follow":"follow","max-snippet":"max-snippet:-1","max-image-preview":"max-image-preview:large","max-video-preview":"max-video-preview:-1"},"canonical":"https:\/\/rederiabeckero.ax\/en\/investors\/corporate-governance\/annual-general-meeting\/","og_locale":"en_US","og_type":"article","og_title":"Annual General Meeting - Rederiaktiebolaget Ecker\u00f6","og_url":"https:\/\/rederiabeckero.ax\/en\/investors\/corporate-governance\/annual-general-meeting\/","og_site_name":"Rederiaktiebolaget Ecker\u00f6","article_modified_time":"2023-01-24T07:33:27+00:00","twitter_card":"summary_large_image","twitter_misc":{"Est. reading time":"4 minutes"},"schema":{"@context":"https:\/\/schema.org","@graph":[{"@type":"WebPage","@id":"https:\/\/rederiabeckero.ax\/en\/investors\/corporate-governance\/annual-general-meeting\/","url":"https:\/\/rederiabeckero.ax\/en\/investors\/corporate-governance\/annual-general-meeting\/","name":"Annual General Meeting - Rederiaktiebolaget Ecker\u00f6","isPartOf":{"@id":"https:\/\/rederiabeckero.ax\/#website"},"datePublished":"2022-11-17T10:52:18+00:00","dateModified":"2023-01-24T07:33:27+00:00","breadcrumb":{"@id":"https:\/\/rederiabeckero.ax\/en\/investors\/corporate-governance\/annual-general-meeting\/#breadcrumb"},"inLanguage":"en-US","potentialAction":[{"@type":"ReadAction","target":["https:\/\/rederiabeckero.ax\/en\/investors\/corporate-governance\/annual-general-meeting\/"]}]},{"@type":"BreadcrumbList","@id":"https:\/\/rederiabeckero.ax\/en\/investors\/corporate-governance\/annual-general-meeting\/#breadcrumb","itemListElement":[{"@type":"ListItem","position":1,"name":"Hem","item":"https:\/\/rederiabeckero.ax\/en\/start\/"},{"@type":"ListItem","position":2,"name":"Investors","item":"https:\/\/rederiabeckero.ax\/en\/investors\/"},{"@type":"ListItem","position":3,"name":"Corporate Governance","item":"https:\/\/rederiabeckero.ax\/en\/investors\/corporate-governance\/"},{"@type":"ListItem","position":4,"name":"Annual General Meeting"}]},{"@type":"WebSite","@id":"https:\/\/rederiabeckero.ax\/#website","url":"https:\/\/rederiabeckero.ax\/","name":"Rederiaktiebolaget Ecker\u00f6","description":"","publisher":{"@id":"https:\/\/rederiabeckero.ax\/#organization"},"potentialAction":[{"@type":"SearchAction","target":{"@type":"EntryPoint","urlTemplate":"https:\/\/rederiabeckero.ax\/?s={search_term_string}"},"query-input":{"@type":"PropertyValueSpecification","valueRequired":true,"valueName":"search_term_string"}}],"inLanguage":"en-US"},{"@type":"Organization","@id":"https:\/\/rederiabeckero.ax\/#organization","name":"Rederiaktiebolaget Ecker\u00f6","url":"https:\/\/rederiabeckero.ax\/","logo":{"@type":"ImageObject","inLanguage":"en-US","@id":"https:\/\/rederiabeckero.ax\/#\/schema\/logo\/image\/","url":"https:\/\/rederiabeckero.ax\/wp-content\/uploads\/2020\/10\/logo_second-2-1.png","contentUrl":"https:\/\/rederiabeckero.ax\/wp-content\/uploads\/2020\/10\/logo_second-2-1.png","width":340,"height":156,"caption":"Rederiaktiebolaget Ecker\u00f6"},"image":{"@id":"https:\/\/rederiabeckero.ax\/#\/schema\/logo\/image\/"}}]}},"_links":{"self":[{"href":"https:\/\/rederiabeckero.ax\/en\/wp-json\/wp\/v2\/pages\/1842","targetHints":{"allow":["GET"]}}],"collection":[{"href":"https:\/\/rederiabeckero.ax\/en\/wp-json\/wp\/v2\/pages"}],"about":[{"href":"https:\/\/rederiabeckero.ax\/en\/wp-json\/wp\/v2\/types\/page"}],"author":[{"embeddable":true,"href":"https:\/\/rederiabeckero.ax\/en\/wp-json\/wp\/v2\/users\/2"}],"replies":[{"embeddable":true,"href":"https:\/\/rederiabeckero.ax\/en\/wp-json\/wp\/v2\/comments?post=1842"}],"version-history":[{"count":10,"href":"https:\/\/rederiabeckero.ax\/en\/wp-json\/wp\/v2\/pages\/1842\/revisions"}],"predecessor-version":[{"id":4466,"href":"https:\/\/rederiabeckero.ax\/en\/wp-json\/wp\/v2\/pages\/1842\/revisions\/4466"}],"up":[{"embeddable":true,"href":"https:\/\/rederiabeckero.ax\/en\/wp-json\/wp\/v2\/pages\/1824"}],"wp:attachment":[{"href":"https:\/\/rederiabeckero.ax\/en\/wp-json\/wp\/v2\/media?parent=1842"}],"curies":[{"name":"wp","href":"https:\/\/api.w.org\/{rel}","templated":true}]}}