{"id":2544,"date":"2023-02-10T07:44:34","date_gmt":"2023-02-10T07:44:34","guid":{"rendered":"https:\/\/rederiabeckero.ax\/?page_id=2544"},"modified":"2023-02-10T08:04:42","modified_gmt":"2023-02-10T08:04:42","slug":"environment","status":"publish","type":"page","link":"https:\/\/rederiabeckero.ax\/en\/environment\/environment\/","title":{"rendered":"Environment"},"content":{"rendered":"\n<style type=\"text\/css\" data-created_by=\"avia_inline_auto\" id=\"style-css-av-ldy8atj3-94a281bb1a125d5a927bcad7be71c727\">\n#top .av-special-heading.av-ldy8atj3-94a281bb1a125d5a927bcad7be71c727{\npadding-bottom:10px;\n}\nbody .av-special-heading.av-ldy8atj3-94a281bb1a125d5a927bcad7be71c727 .av-special-heading-tag .heading-char{\nfont-size:25px;\n}\n.av-special-heading.av-ldy8atj3-94a281bb1a125d5a927bcad7be71c727 .av-subheading{\nfont-size:15px;\n}\n<\/style>\n<div  class='av-special-heading av-ldy8atj3-94a281bb1a125d5a927bcad7be71c727 av-special-heading-h2  avia-builder-el-0  el_before_av_hr  avia-builder-el-first '><h2 class='av-special-heading-tag '  itemprop=\"headline\"  >Environment<\/h2><div class=\"special-heading-border\"><div class=\"special-heading-inner-border\"><\/div><\/div><\/div>\n<div  class='hr av-av_hr-91d7ccd583a503147498e120fee2ff9b hr-default  avia-builder-el-1  el_after_av_heading  el_before_av_textblock '><span class='hr-inner '><span class=\"hr-inner-style\"><\/span><\/span><\/div>\n<section  class='av_textblock_section av-ldy8bnlo-0ec810581762ed5b1e493753cdca67d2 '   itemscope=\"itemscope\" itemtype=\"https:\/\/schema.org\/CreativeWork\" ><div class='avia_textblock'  itemprop=\"text\" ><section class=\"av_textblock_section av-2qnrxy-b34290fe0c1f067f97be94f6052c5750\">\n<div class=\"avia_textblock\">\n<h4><strong>SO 14001 certificate<\/strong><\/h4>\n<p>Rederiaktiebolaget Ecker\u00f6 including the subsidiaries Ecker\u00f6 Linjen, Ecker\u00f6 Line och Ecker\u00f6 Shipping. is certified to the ISO 14001:2015 environmental management standard. The certification covers both land and sea operations. Of course we conduct operations in accordance with applicable environmental laws and certification is a guarantee that we make continuous environmental improvements.<\/p>\n<p>The subsidiary Williams Buss has become the first bus company in Finland that has obtained proof of Environment and Energy responsible bus companiy that comply with ISO 14001.<\/p>\n<h4><strong>ISM-code<\/strong><\/h4>\n<p>The organization and ships of Ecker\u00f6 Group is certified according to the ISM \u2013 Code. ISM \u2013 the code is a documented safety and environmental system to ensure that everyone within the organization functions as agreed in safety and environmental issues. This certification requires that we e.g. takes responsibility for our environmental impact and that we follow directives, regulations and legislation.<\/p>\n<h4><strong>Minimal environmental impact<\/strong><\/h4>\n<p>Our goal is to minimize our environmental impact and we are continuously working to develop new methods of disposal of emissions and wastes from our ships and other businesses.<\/p>\n<p>The purpose of Ecker\u00f6 Group\u2019s environmental work is that it should be a natural part of our daily work. Everyone in the organization have a responsibility to actively monitor and develop the environmental goals.<\/p>\n<h4><strong>Staff<\/strong><\/h4>\n<p>All are involved in the environmental work and is responsible for the environment in their own workplace. An important part of the compulsory training for new employees is the manner in which wastes should be treated right in their workplace. All staff receive ongoing training in the company\u2019s environmental work.<\/p>\n<\/div>\n<\/section>\n<div class=\"avia-image-container av-ld48noxr-a254b24c472d28c6a3b608d3bd620332 av-styling- avia-align-left avia-builder-el-3 el_after_av_textblock avia-builder-el-last \">\n<div class=\"avia-image-container-inner\">\n<div class=\"avia-image-overlay-wrap\"><img decoding=\"async\" class=\"wp-image-2179 avia-img-lazy-loading-not-2179 avia_image \" title=\"ISO14001_rgb\" src=\"https:\/\/rederiabeckero.ax\/wp-content\/uploads\/2023\/01\/ISO14001_rgb-1-279x300.jpg\" sizes=\"(max-width: 279px) 100vw, 279px\" srcset=\"https:\/\/rederiabeckero.ax\/wp-content\/uploads\/2023\/01\/ISO14001_rgb-1-279x300.jpg 279w, https:\/\/rederiabeckero.ax\/wp-content\/uploads\/2023\/01\/ISO14001_rgb-1.jpg 295w\" alt=\"\" width=\"279\" height=\"300\" \/><\/div>\n<\/div>\n<\/div>\n<\/div><\/section>\n","protected":false},"excerpt":{"rendered":"","protected":false},"author":2,"featured_media":0,"parent":1670,"menu_order":10,"comment_status":"closed","ping_status":"closed","template":"","meta":{"footnotes":""},"class_list":["post-2544","page","type-page","status-publish","hentry"],"yoast_head":"<!-- This site is optimized with the Yoast SEO plugin v27.3 - https:\/\/yoast.com\/product\/yoast-seo-wordpress\/ -->\n<title>Environment - Rederiaktiebolaget Ecker\u00f6<\/title>\n<meta name=\"robots\" content=\"index, follow, max-snippet:-1, max-image-preview:large, max-video-preview:-1\" \/>\n<link rel=\"canonical\" href=\"https:\/\/rederiabeckero.ax\/en\/environment\/environment\/\" \/>\n<meta property=\"og:locale\" content=\"en_US\" \/>\n<meta property=\"og:type\" content=\"article\" \/>\n<meta property=\"og:title\" content=\"Environment - Rederiaktiebolaget Ecker\u00f6\" \/>\n<meta property=\"og:url\" content=\"https:\/\/rederiabeckero.ax\/en\/environment\/environment\/\" \/>\n<meta property=\"og:site_name\" content=\"Rederiaktiebolaget Ecker\u00f6\" \/>\n<meta property=\"article:modified_time\" content=\"2023-02-10T08:04:42+00:00\" \/>\n<meta property=\"og:image\" content=\"https:\/\/rederiabeckero.ax\/wp-content\/uploads\/2023\/01\/ISO14001_rgb-1-279x300.jpg\" \/>\n<meta name=\"twitter:card\" content=\"summary_large_image\" \/>\n<meta name=\"twitter:label1\" content=\"Est. reading time\" \/>\n\t<meta name=\"twitter:data1\" content=\"3 minutes\" \/>\n<script type=\"application\/ld+json\" class=\"yoast-schema-graph\">{\"@context\":\"https:\\\/\\\/schema.org\",\"@graph\":[{\"@type\":\"WebPage\",\"@id\":\"https:\\\/\\\/rederiabeckero.ax\\\/en\\\/environment\\\/environment\\\/\",\"url\":\"https:\\\/\\\/rederiabeckero.ax\\\/en\\\/environment\\\/environment\\\/\",\"name\":\"Environment - Rederiaktiebolaget Ecker\u00f6\",\"isPartOf\":{\"@id\":\"https:\\\/\\\/rederiabeckero.ax\\\/#website\"},\"primaryImageOfPage\":{\"@id\":\"https:\\\/\\\/rederiabeckero.ax\\\/en\\\/environment\\\/environment\\\/#primaryimage\"},\"image\":{\"@id\":\"https:\\\/\\\/rederiabeckero.ax\\\/en\\\/environment\\\/environment\\\/#primaryimage\"},\"thumbnailUrl\":\"https:\\\/\\\/rederiabeckero.ax\\\/wp-content\\\/uploads\\\/2023\\\/01\\\/ISO14001_rgb-1-279x300.jpg\",\"datePublished\":\"2023-02-10T07:44:34+00:00\",\"dateModified\":\"2023-02-10T08:04:42+00:00\",\"breadcrumb\":{\"@id\":\"https:\\\/\\\/rederiabeckero.ax\\\/en\\\/environment\\\/environment\\\/#breadcrumb\"},\"inLanguage\":\"en-US\",\"potentialAction\":[{\"@type\":\"ReadAction\",\"target\":[\"https:\\\/\\\/rederiabeckero.ax\\\/en\\\/environment\\\/environment\\\/\"]}]},{\"@type\":\"ImageObject\",\"inLanguage\":\"en-US\",\"@id\":\"https:\\\/\\\/rederiabeckero.ax\\\/en\\\/environment\\\/environment\\\/#primaryimage\",\"url\":\"https:\\\/\\\/rederiabeckero.ax\\\/wp-content\\\/uploads\\\/2023\\\/01\\\/ISO14001_rgb-1-279x300.jpg\",\"contentUrl\":\"https:\\\/\\\/rederiabeckero.ax\\\/wp-content\\\/uploads\\\/2023\\\/01\\\/ISO14001_rgb-1-279x300.jpg\"},{\"@type\":\"BreadcrumbList\",\"@id\":\"https:\\\/\\\/rederiabeckero.ax\\\/en\\\/environment\\\/environment\\\/#breadcrumb\",\"itemListElement\":[{\"@type\":\"ListItem\",\"position\":1,\"name\":\"Hem\",\"item\":\"https:\\\/\\\/rederiabeckero.ax\\\/en\\\/start\\\/\"},{\"@type\":\"ListItem\",\"position\":2,\"name\":\"Environment\",\"item\":\"https:\\\/\\\/rederiabeckero.ax\\\/en\\\/environment\\\/\"},{\"@type\":\"ListItem\",\"position\":3,\"name\":\"Environment\"}]},{\"@type\":\"WebSite\",\"@id\":\"https:\\\/\\\/rederiabeckero.ax\\\/#website\",\"url\":\"https:\\\/\\\/rederiabeckero.ax\\\/\",\"name\":\"Rederiaktiebolaget Ecker\u00f6\",\"description\":\"\",\"publisher\":{\"@id\":\"https:\\\/\\\/rederiabeckero.ax\\\/#organization\"},\"potentialAction\":[{\"@type\":\"SearchAction\",\"target\":{\"@type\":\"EntryPoint\",\"urlTemplate\":\"https:\\\/\\\/rederiabeckero.ax\\\/?s={search_term_string}\"},\"query-input\":{\"@type\":\"PropertyValueSpecification\",\"valueRequired\":true,\"valueName\":\"search_term_string\"}}],\"inLanguage\":\"en-US\"},{\"@type\":\"Organization\",\"@id\":\"https:\\\/\\\/rederiabeckero.ax\\\/#organization\",\"name\":\"Rederiaktiebolaget Ecker\u00f6\",\"url\":\"https:\\\/\\\/rederiabeckero.ax\\\/\",\"logo\":{\"@type\":\"ImageObject\",\"inLanguage\":\"en-US\",\"@id\":\"https:\\\/\\\/rederiabeckero.ax\\\/#\\\/schema\\\/logo\\\/image\\\/\",\"url\":\"https:\\\/\\\/rederiabeckero.ax\\\/wp-content\\\/uploads\\\/2020\\\/10\\\/logo_second-2-1.png\",\"contentUrl\":\"https:\\\/\\\/rederiabeckero.ax\\\/wp-content\\\/uploads\\\/2020\\\/10\\\/logo_second-2-1.png\",\"width\":340,\"height\":156,\"caption\":\"Rederiaktiebolaget Ecker\u00f6\"},\"image\":{\"@id\":\"https:\\\/\\\/rederiabeckero.ax\\\/#\\\/schema\\\/logo\\\/image\\\/\"}}]}<\/script>\n<!-- \/ Yoast SEO plugin. -->","yoast_head_json":{"title":"Environment - Rederiaktiebolaget Ecker\u00f6","robots":{"index":"index","follow":"follow","max-snippet":"max-snippet:-1","max-image-preview":"max-image-preview:large","max-video-preview":"max-video-preview:-1"},"canonical":"https:\/\/rederiabeckero.ax\/en\/environment\/environment\/","og_locale":"en_US","og_type":"article","og_title":"Environment - Rederiaktiebolaget Ecker\u00f6","og_url":"https:\/\/rederiabeckero.ax\/en\/environment\/environment\/","og_site_name":"Rederiaktiebolaget Ecker\u00f6","article_modified_time":"2023-02-10T08:04:42+00:00","og_image":[{"url":"https:\/\/rederiabeckero.ax\/wp-content\/uploads\/2023\/01\/ISO14001_rgb-1-279x300.jpg","type":"","width":"","height":""}],"twitter_card":"summary_large_image","twitter_misc":{"Est. reading time":"3 minutes"},"schema":{"@context":"https:\/\/schema.org","@graph":[{"@type":"WebPage","@id":"https:\/\/rederiabeckero.ax\/en\/environment\/environment\/","url":"https:\/\/rederiabeckero.ax\/en\/environment\/environment\/","name":"Environment - Rederiaktiebolaget Ecker\u00f6","isPartOf":{"@id":"https:\/\/rederiabeckero.ax\/#website"},"primaryImageOfPage":{"@id":"https:\/\/rederiabeckero.ax\/en\/environment\/environment\/#primaryimage"},"image":{"@id":"https:\/\/rederiabeckero.ax\/en\/environment\/environment\/#primaryimage"},"thumbnailUrl":"https:\/\/rederiabeckero.ax\/wp-content\/uploads\/2023\/01\/ISO14001_rgb-1-279x300.jpg","datePublished":"2023-02-10T07:44:34+00:00","dateModified":"2023-02-10T08:04:42+00:00","breadcrumb":{"@id":"https:\/\/rederiabeckero.ax\/en\/environment\/environment\/#breadcrumb"},"inLanguage":"en-US","potentialAction":[{"@type":"ReadAction","target":["https:\/\/rederiabeckero.ax\/en\/environment\/environment\/"]}]},{"@type":"ImageObject","inLanguage":"en-US","@id":"https:\/\/rederiabeckero.ax\/en\/environment\/environment\/#primaryimage","url":"https:\/\/rederiabeckero.ax\/wp-content\/uploads\/2023\/01\/ISO14001_rgb-1-279x300.jpg","contentUrl":"https:\/\/rederiabeckero.ax\/wp-content\/uploads\/2023\/01\/ISO14001_rgb-1-279x300.jpg"},{"@type":"BreadcrumbList","@id":"https:\/\/rederiabeckero.ax\/en\/environment\/environment\/#breadcrumb","itemListElement":[{"@type":"ListItem","position":1,"name":"Hem","item":"https:\/\/rederiabeckero.ax\/en\/start\/"},{"@type":"ListItem","position":2,"name":"Environment","item":"https:\/\/rederiabeckero.ax\/en\/environment\/"},{"@type":"ListItem","position":3,"name":"Environment"}]},{"@type":"WebSite","@id":"https:\/\/rederiabeckero.ax\/#website","url":"https:\/\/rederiabeckero.ax\/","name":"Rederiaktiebolaget Ecker\u00f6","description":"","publisher":{"@id":"https:\/\/rederiabeckero.ax\/#organization"},"potentialAction":[{"@type":"SearchAction","target":{"@type":"EntryPoint","urlTemplate":"https:\/\/rederiabeckero.ax\/?s={search_term_string}"},"query-input":{"@type":"PropertyValueSpecification","valueRequired":true,"valueName":"search_term_string"}}],"inLanguage":"en-US"},{"@type":"Organization","@id":"https:\/\/rederiabeckero.ax\/#organization","name":"Rederiaktiebolaget Ecker\u00f6","url":"https:\/\/rederiabeckero.ax\/","logo":{"@type":"ImageObject","inLanguage":"en-US","@id":"https:\/\/rederiabeckero.ax\/#\/schema\/logo\/image\/","url":"https:\/\/rederiabeckero.ax\/wp-content\/uploads\/2020\/10\/logo_second-2-1.png","contentUrl":"https:\/\/rederiabeckero.ax\/wp-content\/uploads\/2020\/10\/logo_second-2-1.png","width":340,"height":156,"caption":"Rederiaktiebolaget Ecker\u00f6"},"image":{"@id":"https:\/\/rederiabeckero.ax\/#\/schema\/logo\/image\/"}}]}},"_links":{"self":[{"href":"https:\/\/rederiabeckero.ax\/en\/wp-json\/wp\/v2\/pages\/2544","targetHints":{"allow":["GET"]}}],"collection":[{"href":"https:\/\/rederiabeckero.ax\/en\/wp-json\/wp\/v2\/pages"}],"about":[{"href":"https:\/\/rederiabeckero.ax\/en\/wp-json\/wp\/v2\/types\/page"}],"author":[{"embeddable":true,"href":"https:\/\/rederiabeckero.ax\/en\/wp-json\/wp\/v2\/users\/2"}],"replies":[{"embeddable":true,"href":"https:\/\/rederiabeckero.ax\/en\/wp-json\/wp\/v2\/comments?post=2544"}],"version-history":[{"count":3,"href":"https:\/\/rederiabeckero.ax\/en\/wp-json\/wp\/v2\/pages\/2544\/revisions"}],"predecessor-version":[{"id":4393,"href":"https:\/\/rederiabeckero.ax\/en\/wp-json\/wp\/v2\/pages\/2544\/revisions\/4393"}],"up":[{"embeddable":true,"href":"https:\/\/rederiabeckero.ax\/en\/wp-json\/wp\/v2\/pages\/1670"}],"wp:attachment":[{"href":"https:\/\/rederiabeckero.ax\/en\/wp-json\/wp\/v2\/media?parent=2544"}],"curies":[{"name":"wp","href":"https:\/\/api.w.org\/{rel}","templated":true}]}}