{"id":2568,"date":"2023-02-10T08:11:01","date_gmt":"2023-02-10T06:11:01","guid":{"rendered":"https:\/\/rederiabeckero.ax\/?page_id=2568"},"modified":"2025-11-10T09:17:28","modified_gmt":"2025-11-10T07:17:28","slug":"the-group","status":"publish","type":"page","link":"https:\/\/rederiabeckero.ax\/en\/the-group\/the-group\/","title":{"rendered":"The Group"},"content":{"rendered":"\n<style type=\"text\/css\" data-created_by=\"avia_inline_auto\" id=\"style-css-av-ldy93f7c-71f2119659ec354bb972d0511ecbaac1\">\n#top .av-special-heading.av-ldy93f7c-71f2119659ec354bb972d0511ecbaac1{\npadding-bottom:10px;\n}\nbody .av-special-heading.av-ldy93f7c-71f2119659ec354bb972d0511ecbaac1 .av-special-heading-tag .heading-char{\nfont-size:25px;\n}\n.av-special-heading.av-ldy93f7c-71f2119659ec354bb972d0511ecbaac1 .av-subheading{\nfont-size:15px;\n}\n<\/style>\n<div  class='av-special-heading av-ldy93f7c-71f2119659ec354bb972d0511ecbaac1 av-special-heading-h2  avia-builder-el-0  el_before_av_hr  avia-builder-el-first '><h2 class='av-special-heading-tag '  itemprop=\"headline\"  >The Group<\/h2><div class=\"special-heading-border\"><div class=\"special-heading-inner-border\"><\/div><\/div><\/div>\n<div  class='hr av-2cg6fc-a65a95783873ad81deb21b9a3ac75def hr-default  avia-builder-el-1  el_after_av_heading  el_before_av_textblock '><span class='hr-inner '><span class=\"hr-inner-style\"><\/span><\/span><\/div>\n<section  class='av_textblock_section av-ldy93wf9-b9cfb77086989cf94f6060b9644d6365 '   itemscope=\"itemscope\" itemtype=\"https:\/\/schema.org\/CreativeWork\" ><div class='avia_textblock'  itemprop=\"text\" ><p>Rederiaktiebolaget Ecker\u00f6 was founded on March 2, 1961 and is the parent company of the Ecker\u00f6 Group, which consists of three business areas.<\/p>\n<p>The Group operates passenger and car ferry services on the \u00c5land Sea through Ecker\u00f6 Linjen and on the Gulf of Finland through Ecker\u00f6 Line, as well as freight traffic between \u00c5land and the mainland through Ecker\u00f6 Link. In total, the fleet includes 4 vessels.<\/p>\n<p>Today, the Ecker\u00f6 Group has approximately 850 employees. In 2024, the annual turnover amounted to about 223 million euros, and the Group transported around 3.1 million passengers and about 190,000 freight units on its own routes.<\/p>\n<\/div><\/section>\n","protected":false},"excerpt":{"rendered":"","protected":false},"author":2,"featured_media":0,"parent":1800,"menu_order":0,"comment_status":"closed","ping_status":"closed","template":"","meta":{"footnotes":""},"class_list":["post-2568","page","type-page","status-publish","hentry"],"yoast_head":"<!-- This site is optimized with the Yoast SEO plugin v27.3 - https:\/\/yoast.com\/product\/yoast-seo-wordpress\/ -->\n<title>The Group - Rederiaktiebolaget Ecker\u00f6<\/title>\n<meta name=\"robots\" content=\"index, follow, max-snippet:-1, max-image-preview:large, max-video-preview:-1\" \/>\n<link rel=\"canonical\" href=\"https:\/\/rederiabeckero.ax\/en\/the-group\/the-group\/\" \/>\n<meta property=\"og:locale\" content=\"en_US\" \/>\n<meta property=\"og:type\" content=\"article\" \/>\n<meta property=\"og:title\" content=\"The Group - Rederiaktiebolaget Ecker\u00f6\" \/>\n<meta property=\"og:url\" content=\"https:\/\/rederiabeckero.ax\/en\/the-group\/the-group\/\" \/>\n<meta property=\"og:site_name\" content=\"Rederiaktiebolaget Ecker\u00f6\" \/>\n<meta property=\"article:modified_time\" content=\"2025-11-10T07:17:28+00:00\" \/>\n<meta name=\"twitter:card\" content=\"summary_large_image\" \/>\n<meta name=\"twitter:label1\" content=\"Est. reading time\" \/>\n\t<meta name=\"twitter:data1\" content=\"1 minute\" \/>\n<script type=\"application\/ld+json\" class=\"yoast-schema-graph\">{\"@context\":\"https:\\\/\\\/schema.org\",\"@graph\":[{\"@type\":\"WebPage\",\"@id\":\"https:\\\/\\\/rederiabeckero.ax\\\/en\\\/the-group\\\/the-group\\\/\",\"url\":\"https:\\\/\\\/rederiabeckero.ax\\\/en\\\/the-group\\\/the-group\\\/\",\"name\":\"The Group - Rederiaktiebolaget Ecker\u00f6\",\"isPartOf\":{\"@id\":\"https:\\\/\\\/rederiabeckero.ax\\\/#website\"},\"datePublished\":\"2023-02-10T06:11:01+00:00\",\"dateModified\":\"2025-11-10T07:17:28+00:00\",\"breadcrumb\":{\"@id\":\"https:\\\/\\\/rederiabeckero.ax\\\/en\\\/the-group\\\/the-group\\\/#breadcrumb\"},\"inLanguage\":\"en-US\",\"potentialAction\":[{\"@type\":\"ReadAction\",\"target\":[\"https:\\\/\\\/rederiabeckero.ax\\\/en\\\/the-group\\\/the-group\\\/\"]}]},{\"@type\":\"BreadcrumbList\",\"@id\":\"https:\\\/\\\/rederiabeckero.ax\\\/en\\\/the-group\\\/the-group\\\/#breadcrumb\",\"itemListElement\":[{\"@type\":\"ListItem\",\"position\":1,\"name\":\"Hem\",\"item\":\"https:\\\/\\\/rederiabeckero.ax\\\/en\\\/start\\\/\"},{\"@type\":\"ListItem\",\"position\":2,\"name\":\"The Group\",\"item\":\"https:\\\/\\\/rederiabeckero.ax\\\/en\\\/the-group\\\/\"},{\"@type\":\"ListItem\",\"position\":3,\"name\":\"The Group\"}]},{\"@type\":\"WebSite\",\"@id\":\"https:\\\/\\\/rederiabeckero.ax\\\/#website\",\"url\":\"https:\\\/\\\/rederiabeckero.ax\\\/\",\"name\":\"Rederiaktiebolaget Ecker\u00f6\",\"description\":\"\",\"publisher\":{\"@id\":\"https:\\\/\\\/rederiabeckero.ax\\\/#organization\"},\"potentialAction\":[{\"@type\":\"SearchAction\",\"target\":{\"@type\":\"EntryPoint\",\"urlTemplate\":\"https:\\\/\\\/rederiabeckero.ax\\\/?s={search_term_string}\"},\"query-input\":{\"@type\":\"PropertyValueSpecification\",\"valueRequired\":true,\"valueName\":\"search_term_string\"}}],\"inLanguage\":\"en-US\"},{\"@type\":\"Organization\",\"@id\":\"https:\\\/\\\/rederiabeckero.ax\\\/#organization\",\"name\":\"Rederiaktiebolaget Ecker\u00f6\",\"url\":\"https:\\\/\\\/rederiabeckero.ax\\\/\",\"logo\":{\"@type\":\"ImageObject\",\"inLanguage\":\"en-US\",\"@id\":\"https:\\\/\\\/rederiabeckero.ax\\\/#\\\/schema\\\/logo\\\/image\\\/\",\"url\":\"https:\\\/\\\/rederiabeckero.ax\\\/wp-content\\\/uploads\\\/2020\\\/10\\\/logo_second-2-1.png\",\"contentUrl\":\"https:\\\/\\\/rederiabeckero.ax\\\/wp-content\\\/uploads\\\/2020\\\/10\\\/logo_second-2-1.png\",\"width\":340,\"height\":156,\"caption\":\"Rederiaktiebolaget Ecker\u00f6\"},\"image\":{\"@id\":\"https:\\\/\\\/rederiabeckero.ax\\\/#\\\/schema\\\/logo\\\/image\\\/\"}}]}<\/script>\n<!-- \/ Yoast SEO plugin. -->","yoast_head_json":{"title":"The Group - Rederiaktiebolaget Ecker\u00f6","robots":{"index":"index","follow":"follow","max-snippet":"max-snippet:-1","max-image-preview":"max-image-preview:large","max-video-preview":"max-video-preview:-1"},"canonical":"https:\/\/rederiabeckero.ax\/en\/the-group\/the-group\/","og_locale":"en_US","og_type":"article","og_title":"The Group - Rederiaktiebolaget Ecker\u00f6","og_url":"https:\/\/rederiabeckero.ax\/en\/the-group\/the-group\/","og_site_name":"Rederiaktiebolaget Ecker\u00f6","article_modified_time":"2025-11-10T07:17:28+00:00","twitter_card":"summary_large_image","twitter_misc":{"Est. reading time":"1 minute"},"schema":{"@context":"https:\/\/schema.org","@graph":[{"@type":"WebPage","@id":"https:\/\/rederiabeckero.ax\/en\/the-group\/the-group\/","url":"https:\/\/rederiabeckero.ax\/en\/the-group\/the-group\/","name":"The Group - Rederiaktiebolaget Ecker\u00f6","isPartOf":{"@id":"https:\/\/rederiabeckero.ax\/#website"},"datePublished":"2023-02-10T06:11:01+00:00","dateModified":"2025-11-10T07:17:28+00:00","breadcrumb":{"@id":"https:\/\/rederiabeckero.ax\/en\/the-group\/the-group\/#breadcrumb"},"inLanguage":"en-US","potentialAction":[{"@type":"ReadAction","target":["https:\/\/rederiabeckero.ax\/en\/the-group\/the-group\/"]}]},{"@type":"BreadcrumbList","@id":"https:\/\/rederiabeckero.ax\/en\/the-group\/the-group\/#breadcrumb","itemListElement":[{"@type":"ListItem","position":1,"name":"Hem","item":"https:\/\/rederiabeckero.ax\/en\/start\/"},{"@type":"ListItem","position":2,"name":"The Group","item":"https:\/\/rederiabeckero.ax\/en\/the-group\/"},{"@type":"ListItem","position":3,"name":"The Group"}]},{"@type":"WebSite","@id":"https:\/\/rederiabeckero.ax\/#website","url":"https:\/\/rederiabeckero.ax\/","name":"Rederiaktiebolaget Ecker\u00f6","description":"","publisher":{"@id":"https:\/\/rederiabeckero.ax\/#organization"},"potentialAction":[{"@type":"SearchAction","target":{"@type":"EntryPoint","urlTemplate":"https:\/\/rederiabeckero.ax\/?s={search_term_string}"},"query-input":{"@type":"PropertyValueSpecification","valueRequired":true,"valueName":"search_term_string"}}],"inLanguage":"en-US"},{"@type":"Organization","@id":"https:\/\/rederiabeckero.ax\/#organization","name":"Rederiaktiebolaget Ecker\u00f6","url":"https:\/\/rederiabeckero.ax\/","logo":{"@type":"ImageObject","inLanguage":"en-US","@id":"https:\/\/rederiabeckero.ax\/#\/schema\/logo\/image\/","url":"https:\/\/rederiabeckero.ax\/wp-content\/uploads\/2020\/10\/logo_second-2-1.png","contentUrl":"https:\/\/rederiabeckero.ax\/wp-content\/uploads\/2020\/10\/logo_second-2-1.png","width":340,"height":156,"caption":"Rederiaktiebolaget Ecker\u00f6"},"image":{"@id":"https:\/\/rederiabeckero.ax\/#\/schema\/logo\/image\/"}}]}},"_links":{"self":[{"href":"https:\/\/rederiabeckero.ax\/en\/wp-json\/wp\/v2\/pages\/2568","targetHints":{"allow":["GET"]}}],"collection":[{"href":"https:\/\/rederiabeckero.ax\/en\/wp-json\/wp\/v2\/pages"}],"about":[{"href":"https:\/\/rederiabeckero.ax\/en\/wp-json\/wp\/v2\/types\/page"}],"author":[{"embeddable":true,"href":"https:\/\/rederiabeckero.ax\/en\/wp-json\/wp\/v2\/users\/2"}],"replies":[{"embeddable":true,"href":"https:\/\/rederiabeckero.ax\/en\/wp-json\/wp\/v2\/comments?post=2568"}],"version-history":[{"count":10,"href":"https:\/\/rederiabeckero.ax\/en\/wp-json\/wp\/v2\/pages\/2568\/revisions"}],"predecessor-version":[{"id":5558,"href":"https:\/\/rederiabeckero.ax\/en\/wp-json\/wp\/v2\/pages\/2568\/revisions\/5558"}],"up":[{"embeddable":true,"href":"https:\/\/rederiabeckero.ax\/en\/wp-json\/wp\/v2\/pages\/1800"}],"wp:attachment":[{"href":"https:\/\/rederiabeckero.ax\/en\/wp-json\/wp\/v2\/media?parent=2568"}],"curies":[{"name":"wp","href":"https:\/\/api.w.org\/{rel}","templated":true}]}}